{"id":116,"date":"2011-03-14T08:46:02","date_gmt":"2011-03-14T08:46:02","guid":{"rendered":"http:\/\/www.vergihaber.net\/?page_id=23"},"modified":"2013-05-14T18:03:55","modified_gmt":"2013-05-14T15:03:55","slug":"hizmetlerimiz","status":"publish","type":"page","link":"http:\/\/sentezmalimusavirlik.com\/?page_id=116","title":{"rendered":"Hizmetlerimiz"},"content":{"rendered":"<p><b><i>MUHASEBE ve MAL\u0130 M\u00dc\u015eAV\u0130RL\u0130K H\u0130ZMETLER\u0130 <\/i><\/b><\/p>\n<ul>\n<li>Muhasebe defterlerinin bilgisayar deste\u011fiyle mevzuata uygun bir \u015fekilde tutulmas\u0131 ve muhasebe organizasyonunun kurulmas\u0131,<\/li>\n<li>Gelir ve Kurumlar Vergisi mevzuat\u0131 \u00e7er\u00e7evesinde beyannamelerinin d\u00fczenlenmesi ve denetimi<\/li>\n<li>Sosyal G\u00fcvenlik Kurumu ve \u0130\u015f kanunu mevzuat\u0131 \u00e7er\u00e7evesinde bildirge ve \u00a0beyannamelerin haz\u0131rlanmas\u0131 ve denetimi<\/li>\n<li>T\u00fcrk ticaret kanunu \u00e7er\u00e7evesinde Yerli ve yabanc\u0131 sermayeli \u015firket ve irtibat b\u00fcrosu kurulu\u015f,birle\u015fme,b\u00f6l\u00fcnme, nevi de\u011fi\u015fikli\u011fi ,tasfiye.. i\u015flemleri<\/li>\n<li>Muhasebe kay\u0131tlar\u0131n\u0131n revizyonu<\/li>\n<li>Muhasebe standartlar\u0131na g\u00f6re raporlama<\/li>\n<li>Fizibilite \u00c7al\u0131\u015fmalar\u0131<\/li>\n<li>B\u00fct\u00e7e planlama ve analizi<\/li>\n<li>Finansal analiz<\/li>\n<\/ul>\n<p>&nbsp;<\/p>\n<p><b><i>VERG\u0130 DANI\u015eMANLI\u011eI VE MAL\u0130 HUKUK<\/i><\/b><\/p>\n<ul>\n<li>Vergi dan\u0131\u015fmanl\u0131\u011f\u0131<\/li>\n<li>Vergi incelemesi \u00f6ncesinde gerekli haz\u0131rl\u0131klar\u0131n yap\u0131lmas\u0131<\/li>\n<li>Vergi incelemesi s\u00fcrecinde yap\u0131lan tespitlerle ilgili\u00a0dan\u0131\u015fmanl\u0131k<\/li>\n<li>Sosyal G\u00fcvenlik Kanunu ve \u0130\u015f Kanunu dan\u0131\u015fmanl\u0131\u011f\u0131<\/li>\n<li>T\u00fcrk Ticaret Kanunu uygulamalar\u0131 ve dan\u0131\u015fmanl\u0131k<\/li>\n<li>\u015eirket tasfiye, iflas, iflas erteleme, konkordato dan\u0131\u015fmanl\u0131\u011f\u0131<\/li>\n<li>Tarhiyat \u00f6ncesi ve sonras\u0131 uzla\u015fma\u00a0i\u015flemleri<\/li>\n<li>Vergi mahkemelerine dava dosyalar\u0131 haz\u0131rlanmas\u0131, dava s\u00fcreci ve gerekirse temyiz merciine \u00a0gidilmesi\u00a0konular\u0131nda dan\u0131\u015fmanl\u0131k<\/li>\n<\/ul>\n<p>&nbsp;<\/p>\n","protected":false},"excerpt":{"rendered":"<p>MUHASEBE ve MAL\u0130 M\u00dc\u015eAV\u0130RL\u0130K H\u0130ZMETLER\u0130 Muhasebe defterlerinin bilgisayar deste\u011fiyle mevzuata uygun bir \u015fekilde tutulmas\u0131 ve muhasebe organizasyonunun kurulmas\u0131, Gelir ve Kurumlar Vergisi mevzuat\u0131 \u00e7er\u00e7evesinde beyannamelerinin d\u00fczenlenmesi ve denetimi Sosyal G\u00fcvenlik Kurumu ve \u0130\u015f kanunu mevzuat\u0131 \u00e7er\u00e7evesinde bildirge ve \u00a0beyannamelerin haz\u0131rlanmas\u0131 ve denetimi T\u00fcrk ticaret kanunu \u00e7er\u00e7evesinde Yerli ve yabanc\u0131 sermayeli \u015firket ve irtibat b\u00fcrosu kurulu\u015f,birle\u015fme,b\u00f6l\u00fcnme, [&hellip;]<\/p>\n","protected":false},"author":1,"featured_media":0,"parent":0,"menu_order":0,"comment_status":"open","ping_status":"open","template":"","meta":{"footnotes":""},"class_list":["post-116","page","type-page","status-publish","hentry"],"_links":{"self":[{"href":"http:\/\/sentezmalimusavirlik.com\/index.php?rest_route=\/wp\/v2\/pages\/116","targetHints":{"allow":["GET"]}}],"collection":[{"href":"http:\/\/sentezmalimusavirlik.com\/index.php?rest_route=\/wp\/v2\/pages"}],"about":[{"href":"http:\/\/sentezmalimusavirlik.com\/index.php?rest_route=\/wp\/v2\/types\/page"}],"author":[{"embeddable":true,"href":"http:\/\/sentezmalimusavirlik.com\/index.php?rest_route=\/wp\/v2\/users\/1"}],"replies":[{"embeddable":true,"href":"http:\/\/sentezmalimusavirlik.com\/index.php?rest_route=%2Fwp%2Fv2%2Fcomments&post=116"}],"version-history":[{"count":1,"href":"http:\/\/sentezmalimusavirlik.com\/index.php?rest_route=\/wp\/v2\/pages\/116\/revisions"}],"predecessor-version":[{"id":265,"href":"http:\/\/sentezmalimusavirlik.com\/index.php?rest_route=\/wp\/v2\/pages\/116\/revisions\/265"}],"wp:attachment":[{"href":"http:\/\/sentezmalimusavirlik.com\/index.php?rest_route=%2Fwp%2Fv2%2Fmedia&parent=116"}],"curies":[{"name":"wp","href":"https:\/\/api.w.org\/{rel}","templated":true}]}}