{"id":115,"date":"2013-05-10T08:45:47","date_gmt":"2013-05-10T05:45:47","guid":{"rendered":"http:\/\/www.vergihaber.net\/?page_id=21"},"modified":"2013-05-14T18:03:10","modified_gmt":"2013-05-14T15:03:10","slug":"hakkimizda","status":"publish","type":"page","link":"http:\/\/sentezmalimusavirlik.com\/?page_id=115","title":{"rendered":"Hakk\u0131m\u0131zda"},"content":{"rendered":"<p>Sentez Serbest Muhasebecilik Mali M\u00fc\u015favirlik Ltd. \u015eti. Mesleki deneyimlerini bir mali m\u00fc\u015favirlik \u015firketi \u00e7at\u0131s\u0131 alt\u0131nda birle\u015ftiren meslek mensuplar\u0131 taraf\u0131ndan 1998 y\u0131l\u0131nda\u00a0 \u015e\u0130\u015eL\u0130\u2019de kurulmu\u015ftur.Meslekte uzun y\u0131llara dayanan uzman kadrosu ve deneyimli \u00e7al\u0131\u015fanlar\u0131 ile faaliyetine devam etmektedir.<\/p>\n","protected":false},"excerpt":{"rendered":"<p>Sentez Serbest Muhasebecilik Mali M\u00fc\u015favirlik Ltd. \u015eti. Mesleki deneyimlerini bir mali m\u00fc\u015favirlik \u015firketi \u00e7at\u0131s\u0131 alt\u0131nda birle\u015ftiren meslek mensuplar\u0131 taraf\u0131ndan 1998 y\u0131l\u0131nda\u00a0 \u015e\u0130\u015eL\u0130\u2019de kurulmu\u015ftur.Meslekte uzun y\u0131llara dayanan uzman kadrosu ve deneyimli \u00e7al\u0131\u015fanlar\u0131 ile faaliyetine devam etmektedir.<\/p>\n","protected":false},"author":1,"featured_media":0,"parent":0,"menu_order":0,"comment_status":"open","ping_status":"open","template":"","meta":{"footnotes":""},"class_list":["post-115","page","type-page","status-publish","hentry"],"_links":{"self":[{"href":"http:\/\/sentezmalimusavirlik.com\/index.php?rest_route=\/wp\/v2\/pages\/115","targetHints":{"allow":["GET"]}}],"collection":[{"href":"http:\/\/sentezmalimusavirlik.com\/index.php?rest_route=\/wp\/v2\/pages"}],"about":[{"href":"http:\/\/sentezmalimusavirlik.com\/index.php?rest_route=\/wp\/v2\/types\/page"}],"author":[{"embeddable":true,"href":"http:\/\/sentezmalimusavirlik.com\/index.php?rest_route=\/wp\/v2\/users\/1"}],"replies":[{"embeddable":true,"href":"http:\/\/sentezmalimusavirlik.com\/index.php?rest_route=%2Fwp%2Fv2%2Fcomments&post=115"}],"version-history":[{"count":1,"href":"http:\/\/sentezmalimusavirlik.com\/index.php?rest_route=\/wp\/v2\/pages\/115\/revisions"}],"predecessor-version":[{"id":264,"href":"http:\/\/sentezmalimusavirlik.com\/index.php?rest_route=\/wp\/v2\/pages\/115\/revisions\/264"}],"wp:attachment":[{"href":"http:\/\/sentezmalimusavirlik.com\/index.php?rest_route=%2Fwp%2Fv2%2Fmedia&parent=115"}],"curies":[{"name":"wp","href":"https:\/\/api.w.org\/{rel}","templated":true}]}}